{"id":292,"date":"2015-05-25T09:53:27","date_gmt":"2015-05-25T09:53:27","guid":{"rendered":"http:\/\/blog.trevomatic.com\/?page_id=5"},"modified":"2020-07-15T10:27:33","modified_gmt":"2020-07-15T10:27:33","slug":"home-2","status":"publish","type":"page","link":"https:\/\/trevomatic.com\/pt\/","title":{"rendered":"Home"},"content":{"rendered":"<div class=\"row row-edge\"  >\n<div class=\"col-xs-12 col-sm-12 col-md-12 col-lg-12\">\n<div class=\"cherry-box box_1  box-707\"><div class=\"box-primary inner\">\n<div class=\"row\"  ><div class=\"container\"><div class=\"row row-edge\"  >\n<div class=\"col-xs-7 col-sm-7 col-md-7 col-lg-7\">\n<h2 class=\"translation-block\"><em>Solu\u00e7\u00f5es de software<\/em><br>\npara todas<br>\n<em>as suas necessidades<\/em><\/h2>\n<\/div>\n<div class=\"col-xs-7 col-sm-7 col-md-7 col-lg-7\">\n<p>Com mais de 20 anos de experi\u00eancia em consultoria de solu\u00e7\u00f5es de software, a nossa equipa tem como objetivo fornecer solu\u00e7\u00f5es de software profissionais e f\u00e1ceis de usar. A nossa equipa de suporte est\u00e1 dispon\u00edvel por telefone, e-mail, video confer\u00eancia e webinars, para garantir que tenha sempre os seus problemas resolvidos.<\/p>\n<\/div>\n<\/div><\/div><\/div>\n<\/div><\/div>\n<\/div>\n<\/div>\n<div class=\"row row-edge\"  >\n<div class=\"col-xs-12 col-sm-12 col-md-12 col-lg-12\">\n<section class=\"parallax-box image-parallax-box parallax_1\" style=\"min-height: 200px\"><div class=\"parallax-content\">\n<div class=\"row\"  ><div class=\"container\"><div class=\"row row-edge\"  >\n<div class=\"col-xs-12 col-sm-12 col-md-12 col-lg-12\">\n<h2>Entendemos seus objetivos e eles s\u00e3o<br \/>\nimportantes para n\u00f3s<\/h2>\n<\/div>\n<div class=\"col-xs-12 col-sm-12 col-md-12 col-lg-12\">\n<p>Ao longo dos anos, os membros de nossa equipa estiveram envolvidos em alguns dos projetos de software de identifica\u00e7\u00e3o e rastreio de pessoas mais importantes do mercado, e mantemos o foco na alta qualidade de nosso trabalho.<\/p>\n<\/div>\n<div class=\"col-xs-12 col-sm-12 col-md-12 col-lg-12\">\n<div class=\"aligncenter  -wrapper\"><a class=\"cherry-btn cherry-btn-primary cherry-btn-medium cherry-btn-inline cherry-btn-fade\" target=\"_self\" href=\"https:\/\/trevomatic.com\/pt\/\">LER MAIS<\/a><\/div>\n<\/div>\n<\/div><\/div><\/div>\n<div class=\"clear\"><\/div><\/div><div class=\"parallax-bg\" data-parallax-type=\"image\" data-img-url=\"https:\/\/trevomatic.com\/wp-content\/uploads\/2017\/01\/parallax_pic1.jpg\" data-speed=\"1.5\" data-invert=\"\" ><\/div><\/section>\n<\/div>\n<\/div>\n<div class=\"row row-edge\"  >\n<div class=\"col-xs-12 col-sm-12 col-md-12 col-lg-12\">\n<div class=\"cherry-box box_2  box-272\"><div class=\"box-primary inner\">\n<div class=\"row\"  ><div class=\"container\"><div class=\"row row-edge\"  >\n<div class=\"col-xs-6 col-sm-6 col-md-6 col-xs-offset-6 col-sm-offset-6 col-md-offset-6 col-lg-offset-6\">\n<h2>\u00d3timas ferramentas para planeamento<br \/>\ne constru\u00e7\u00e3o da sua vis\u00e3o<\/h2>\n<\/div>\n<div class=\"col-xs-6 col-sm-6 col-md-6 col-xs-offset-6 col-sm-offset-6 col-md-offset-6 col-lg-offset-6\">\n<p>Somos uma organiza\u00e7\u00e3o global confi\u00e1vel que fornece servi\u00e7os offshore de engenharia de software de ciclo completo, desde o papel at\u00e9 ao produto acabado. Desde o in\u00edcio, ajudamos as empresas a inovar e criar produtos de software avan\u00e7ados, aproveitando as tecnologias mais avan\u00e7adas dispon\u00edveis no mercado.<\/p>\n<\/div>\n<\/div><\/div><\/div>\n<\/div><\/div>\n<\/div>\n<\/div>\n<div class=\"row row-edge\"  >\n<div class=\"col-xs-12 col-sm-12 col-md-12 col-lg-12\">\n<div class=\"cherry-box box_3  box-415\"><div class=\"box-primary inner\">\n<div class=\"row box_3_in\"  ><div class=\"container\"><div class=\"row row-edge\"  >\n<div class=\"col-xs-9 col-sm-9 col-md-9 col-lg-9\">\n<h2>Somos bem sucedidos porque temos<br \/>\nobjetivos definidos:<\/h2>\n<\/div>\n<div class=\"col-xs-9 col-sm-9 col-md-9 col-lg-9\">\n<h3>Para produzir um produto criativo a um pre\u00e7o competitivo<\/h3>\n<\/div>\n<div class=\"col-xs-9 col-sm-9 col-md-9 col-lg-9\">\n<h3>Para cumprir seus prazos mais exigentes<\/h3>\n<\/div>\n<div class=\"col-xs-9 col-sm-9 col-md-9 col-lg-9\">\n<p>Esfor\u00e7amo-nos constantemente para melhorar o nosso\u00a0conhecimento e experi\u00eancia. Com esse objetivo\u00a0em mente, esperamos alcan\u00e7ar um alto padr\u00e3o de qualidade em tudo o que fazemos e fornecemos.<\/p>\n<\/div>\n<div class=\"col-xs-9 col-sm-9 col-md-9 col-lg-9\">\n<p><strong>SOLU\u00c7\u00d5ES DESKTOP-<\/strong>\u00a0No ramo de desenvolvimento para desktop, podemos fornecer solu\u00e7\u00f5es multi-plataforma usando estruturas ou linguagens h\u00edbridas ou espec\u00edficas do fabricante, garantindo que os 3 principais sistemas operativos sejam suportados, Windows, macOS e Linux.<br \/>\n<strong>SOLU\u00c7\u00d5ES WEB-<\/strong>\u00a0Usamos as mais recentes ferramentas, estruturas e linguagens de desenvolvimento da Web para garantir que seu site ou aplicativo na Web atenda a todas as suas expectativas.<br \/>\n<strong>SOLU\u00c7\u00d5ES MOBILE-<\/strong>\u00a0Em uma era mobile, mantemos o foco\u00a0em todos os terminais m\u00f3veis em execu\u00e7\u00e3o, Windows Phone, iOS e Android.<\/p>\n<\/div>\n<\/div><\/div><\/div>\n<\/div><\/div>\n<\/div>\n<\/div>","protected":false},"excerpt":{"rendered":"Meeting all your software needs in one place With more than 20 years experience in software solutions consulting, our team aims to provide you with professional and user-friendly software solutions. Our support team is available by phone, email, screen-sharing and webinars, to make sure you","protected":false},"author":1,"featured_media":0,"parent":0,"menu_order":0,"comment_status":"open","ping_status":"open","template":"","meta":{"_monsterinsights_skip_tracking":false,"_monsterinsights_sitenote_active":false,"_monsterinsights_sitenote_note":"","_monsterinsights_sitenote_category":0,"footnotes":""},"class_list":["post-292","page","type-page","status-publish","hentry"],"yoast_head":"<!-- This site is optimized with the Yoast SEO plugin v25.4 - https:\/\/yoast.com\/wordpress\/plugins\/seo\/ -->\n<title>Software Solutions Consulting For Your Most Complex Requirements.<\/title>\n<meta name=\"description\" content=\"Our major goal is to provide the best software solutions, and consulting services for your problems. Contact us and let us know your requirements.\" \/>\n<meta name=\"robots\" content=\"index, follow, max-snippet:-1, max-image-preview:large, max-video-preview:-1\" \/>\n<link rel=\"canonical\" href=\"https:\/\/trevomatic.com\/pt\/\" \/>\n<meta property=\"og:locale\" content=\"pt_PT\" \/>\n<meta property=\"og:type\" content=\"article\" \/>\n<meta property=\"og:title\" content=\"Software Solutions Consulting For Your Most Complex Requirements.\" \/>\n<meta property=\"og:description\" content=\"Our major goal is to provide the best software solutions, and consulting services for your problems. Contact us and let us know your requirements.\" \/>\n<meta property=\"og:url\" content=\"https:\/\/trevomatic.com\/pt\/\" \/>\n<meta property=\"og:site_name\" content=\"Trevomatic\" \/>\n<meta property=\"article:modified_time\" content=\"2020-07-15T10:27:33+00:00\" \/>\n<meta name=\"twitter:card\" content=\"summary_large_image\" \/>\n<meta name=\"twitter:label1\" content=\"Tempo estimado de leitura\" \/>\n\t<meta name=\"twitter:data1\" content=\"3 minutos\" \/>\n<script type=\"application\/ld+json\" class=\"yoast-schema-graph\">{\"@context\":\"https:\/\/schema.org\",\"@graph\":[{\"@type\":\"WebPage\",\"@id\":\"https:\/\/trevomatic.com\/\",\"url\":\"https:\/\/trevomatic.com\/\",\"name\":\"Software Solutions Consulting For Your Most Complex Requirements.\",\"isPartOf\":{\"@id\":\"https:\/\/trevomatic.com\/#website\"},\"datePublished\":\"2015-05-25T09:53:27+00:00\",\"dateModified\":\"2020-07-15T10:27:33+00:00\",\"description\":\"Our major goal is to provide the best software solutions, and consulting services for your problems. Contact us and let us know your requirements.\",\"breadcrumb\":{\"@id\":\"https:\/\/trevomatic.com\/#breadcrumb\"},\"inLanguage\":\"pt-PT\",\"potentialAction\":[{\"@type\":\"ReadAction\",\"target\":[\"https:\/\/trevomatic.com\/\"]}]},{\"@type\":\"BreadcrumbList\",\"@id\":\"https:\/\/trevomatic.com\/#breadcrumb\",\"itemListElement\":[{\"@type\":\"ListItem\",\"position\":1,\"name\":\"Home\",\"item\":\"https:\/\/trevomatic.com\/\"},{\"@type\":\"ListItem\",\"position\":2,\"name\":\"Home\"}]},{\"@type\":\"WebSite\",\"@id\":\"https:\/\/trevomatic.com\/#website\",\"url\":\"https:\/\/trevomatic.com\/\",\"name\":\"Trevomatic\",\"description\":\"\",\"publisher\":{\"@id\":\"https:\/\/trevomatic.com\/#organization\"},\"potentialAction\":[{\"@type\":\"SearchAction\",\"target\":{\"@type\":\"EntryPoint\",\"urlTemplate\":\"https:\/\/trevomatic.com\/?s={search_term_string}\"},\"query-input\":{\"@type\":\"PropertyValueSpecification\",\"valueRequired\":true,\"valueName\":\"search_term_string\"}}],\"inLanguage\":\"pt-PT\"},{\"@type\":\"Organization\",\"@id\":\"https:\/\/trevomatic.com\/#organization\",\"name\":\"Trevomatic, Lda.\",\"url\":\"https:\/\/trevomatic.com\/\",\"logo\":{\"@type\":\"ImageObject\",\"inLanguage\":\"pt-PT\",\"@id\":\"https:\/\/trevomatic.com\/#\/schema\/logo\/image\/\",\"url\":\"https:\/\/trevomatic.com\/wp-content\/uploads\/2017\/01\/logo.png\",\"contentUrl\":\"https:\/\/trevomatic.com\/wp-content\/uploads\/2017\/01\/logo.png\",\"width\":319,\"height\":86,\"caption\":\"Trevomatic, Lda.\"},\"image\":{\"@id\":\"https:\/\/trevomatic.com\/#\/schema\/logo\/image\/\"}}]}<\/script>\n<!-- \/ Yoast SEO plugin. -->","yoast_head_json":{"title":"Software Solutions Consulting For Your Most Complex Requirements.","description":"Our major goal is to provide the best software solutions, and consulting services for your problems. Contact us and let us know your requirements.","robots":{"index":"index","follow":"follow","max-snippet":"max-snippet:-1","max-image-preview":"max-image-preview:large","max-video-preview":"max-video-preview:-1"},"canonical":"https:\/\/trevomatic.com\/pt\/","og_locale":"pt_PT","og_type":"article","og_title":"Software Solutions Consulting For Your Most Complex Requirements.","og_description":"Our major goal is to provide the best software solutions, and consulting services for your problems. Contact us and let us know your requirements.","og_url":"https:\/\/trevomatic.com\/pt\/","og_site_name":"Trevomatic","article_modified_time":"2020-07-15T10:27:33+00:00","twitter_card":"summary_large_image","twitter_misc":{"Tempo estimado de leitura":"3 minutos"},"schema":{"@context":"https:\/\/schema.org","@graph":[{"@type":"WebPage","@id":"https:\/\/trevomatic.com\/","url":"https:\/\/trevomatic.com\/","name":"Software Solutions Consulting For Your Most Complex Requirements.","isPartOf":{"@id":"https:\/\/trevomatic.com\/#website"},"datePublished":"2015-05-25T09:53:27+00:00","dateModified":"2020-07-15T10:27:33+00:00","description":"Our major goal is to provide the best software solutions, and consulting services for your problems. Contact us and let us know your requirements.","breadcrumb":{"@id":"https:\/\/trevomatic.com\/#breadcrumb"},"inLanguage":"pt-PT","potentialAction":[{"@type":"ReadAction","target":["https:\/\/trevomatic.com\/"]}]},{"@type":"BreadcrumbList","@id":"https:\/\/trevomatic.com\/#breadcrumb","itemListElement":[{"@type":"ListItem","position":1,"name":"Home","item":"https:\/\/trevomatic.com\/"},{"@type":"ListItem","position":2,"name":"Home"}]},{"@type":"WebSite","@id":"https:\/\/trevomatic.com\/#website","url":"https:\/\/trevomatic.com\/","name":"Trevomatic","description":"","publisher":{"@id":"https:\/\/trevomatic.com\/#organization"},"potentialAction":[{"@type":"SearchAction","target":{"@type":"EntryPoint","urlTemplate":"https:\/\/trevomatic.com\/?s={search_term_string}"},"query-input":{"@type":"PropertyValueSpecification","valueRequired":true,"valueName":"search_term_string"}}],"inLanguage":"pt-PT"},{"@type":"Organization","@id":"https:\/\/trevomatic.com\/#organization","name":"Trevomatic, Lda.","url":"https:\/\/trevomatic.com\/","logo":{"@type":"ImageObject","inLanguage":"pt-PT","@id":"https:\/\/trevomatic.com\/#\/schema\/logo\/image\/","url":"https:\/\/trevomatic.com\/wp-content\/uploads\/2017\/01\/logo.png","contentUrl":"https:\/\/trevomatic.com\/wp-content\/uploads\/2017\/01\/logo.png","width":319,"height":86,"caption":"Trevomatic, Lda."},"image":{"@id":"https:\/\/trevomatic.com\/#\/schema\/logo\/image\/"}}]}},"_links":{"self":[{"href":"https:\/\/trevomatic.com\/pt\/wp-json\/wp\/v2\/pages\/292","targetHints":{"allow":["GET"]}}],"collection":[{"href":"https:\/\/trevomatic.com\/pt\/wp-json\/wp\/v2\/pages"}],"about":[{"href":"https:\/\/trevomatic.com\/pt\/wp-json\/wp\/v2\/types\/page"}],"author":[{"embeddable":true,"href":"https:\/\/trevomatic.com\/pt\/wp-json\/wp\/v2\/users\/1"}],"replies":[{"embeddable":true,"href":"https:\/\/trevomatic.com\/pt\/wp-json\/wp\/v2\/comments?post=292"}],"version-history":[{"count":15,"href":"https:\/\/trevomatic.com\/pt\/wp-json\/wp\/v2\/pages\/292\/revisions"}],"predecessor-version":[{"id":509,"href":"https:\/\/trevomatic.com\/pt\/wp-json\/wp\/v2\/pages\/292\/revisions\/509"}],"wp:attachment":[{"href":"https:\/\/trevomatic.com\/pt\/wp-json\/wp\/v2\/media?parent=292"}],"curies":[{"name":"wp","href":"https:\/\/api.w.org\/{rel}","templated":true}]}}