{"id":47,"date":"2015-05-25T12:10:45","date_gmt":"2015-05-25T12:10:45","guid":{"rendered":"http:\/\/blog.trevomatic.com\/?page_id=47"},"modified":"2022-12-01T11:15:04","modified_gmt":"2022-12-01T11:15:04","slug":"contacts","status":"publish","type":"page","link":"https:\/\/trevomatic.com\/pt\/contacts\/","title":{"rendered":"Contactos"},"content":{"rendered":"<div class=\"row\"  ><div class=\"container\"><div class=\"row row-edge\"  >\n<div class=\"col-xs-12 col-sm-12 col-md-12 col-lg-12\">\n<div class=\"google-map-container\" style=\"height:400px;\" data-map-id=\"google-map-1152487324\" data-lat-value=\"38.9383596\" data-lng-value=\"-9.331964\" data-zoom-value=\"14\" data-scroll-wheel=\"\" data-pan-control=\"1\" data-zoom-control=\"1\" data-map-draggable=\"\" data-map-marker='[\"https:\\\/\\\/trevomatic.com\\\/wp-content\\\/uploads\\\/2017\\\/03\\\/marker_small.png\",75,96,false]' data-map-style='[{\"featureType\":\"administrative\",\"elementType\":\"labels.text.fill\",\"stylers\":[{\"color\":\"#444444\"}]},{\"featureType\":\"landscape\",\"elementType\":\"all\",\"stylers\":[{\"color\":\"#f2f2f2\"}]},{\"featureType\":\"poi\",\"elementType\":\"all\",\"stylers\":[{\"visibility\":\"off\"}]},{\"featureType\":\"road\",\"elementType\":\"all\",\"stylers\":[{\"saturation\":-100},{\"lightness\":45}]},{\"featureType\":\"road.highway\",\"elementType\":\"all\",\"stylers\":[{\"visibility\":\"simplified\"}]},{\"featureType\":\"road.arterial\",\"elementType\":\"labels.icon\",\"stylers\":[{\"visibility\":\"off\"}]},{\"featureType\":\"transit\",\"elementType\":\"all\",\"stylers\":[{\"visibility\":\"off\"}]},{\"featureType\":\"water\",\"elementType\":\"all\",\"stylers\":[{\"color\":\"#46bcec\"},{\"visibility\":\"on\"}]}]'><div id=\"google-map-1152487324\" class=\"google-map\"><\/div><div class=\"marker-desc\"><\/div><\/div>\n<\/div>\n<\/div><\/div><\/div>\n<div class=\"row\"  ><div class=\"container\"><div class=\"row row-edge\"  >\n<div class=\"col-xs-12 col-sm-12 col-md-12 col-lg-12\">\n<div class=\"cherry-spacer\" style=\"height:30px;\"><\/div>\n<\/div>\n<\/div><\/div><\/div>\n<div class=\"row\"  ><div class=\"container\"><div class=\"row row-edge\"  >\n<div class=\"col-xs-12 col-sm-12 col-md-4 col-lg-4\">\n<div class=\"row row-edge\"  >\n<div class=\"col-xs-12 col-sm-12 col-md-12 col-lg-12\">\n<h2>Informa\u00e7\u00f5es de contato<\/h2>\n<\/div>\n<div class=\"col-xs-12 col-sm-12 col-md-12 col-lg-12\">\n<p>Envie-nos as suas sugest\u00f5es, pedidos ou qualquer outra necessidade de informa\u00e7\u00e3o. Responderemos o mais r\u00e1pido poss\u00edvel.<\/p>\n<\/div>\n<div class=\"col-xs-12 col-sm-12 col-md-12 col-lg-12\">\n<p><strong>Trevomatic, Lda.<br \/>\nRampa da Esperan\u00e7a, Lt.10E<br \/>\n2640-480 Mafra<\/strong><\/p>\n<p><strong>Portugal<\/strong><\/p>\n<p>Telefone: +351\u00a0966 581 710<br \/>\n\"Chamada para a rede m\u00f3vel nacional\"<\/p>\n<\/div>\n<div class=\"col-xs-12 col-sm-12 col-md-12 col-lg-12\">\n<\/div>\n<\/div>\n<\/div>\n<div class=\"col-xs-12 col-sm-12 col-md-8 col-lg-8\">\n<div class=\"row row-edge\"  ><\/div>\n<div class=\"col-xs-12 col-sm-12 col-md-12 col-lg-12\">\n<h2>Formul\u00e1rio de Contato<\/h2>\n<\/div>\n<div class=\"col-xs-12 col-sm-12 col-md-12 col-lg-12\">\n\n<div class=\"wpcf7 no-js\" id=\"wpcf7-f180-o1\" lang=\"en-US\" dir=\"ltr\" data-wpcf7-id=\"180\">\n<div class=\"screen-reader-response\"><p role=\"status\" aria-live=\"polite\" aria-atomic=\"true\"><\/p> <ul><\/ul><\/div>\n<form action=\"\/pt\/wp-json\/wp\/v2\/pages\/47#wpcf7-f180-o1\" method=\"post\" class=\"wpcf7-form init\" aria-label=\"Formul\u00e1rio de Contato\" novalidate=\"novalidate\" data-status=\"init\" data-trp-original-action=\"\/pt\/wp-json\/wp\/v2\/pages\/47#wpcf7-f180-o1\">\n<fieldset class=\"hidden-fields-container\"><input type=\"hidden\" name=\"_wpcf7\" value=\"180\" \/><input type=\"hidden\" name=\"_wpcf7_version\" value=\"6.1\" \/><input type=\"hidden\" name=\"_wpcf7_locale\" value=\"en_US\" \/><input type=\"hidden\" name=\"_wpcf7_unit_tag\" value=\"wpcf7-f180-o1\" \/><input type=\"hidden\" name=\"_wpcf7_container_post\" value=\"0\" \/><input type=\"hidden\" name=\"_wpcf7_posted_data_hash\" value=\"\" \/><input type=\"hidden\" name=\"_wpcf7_recaptcha_response\" value=\"\" \/>\n<\/fieldset>\n<div class=\"row\">\n\t<div class=\"col-lg-4 col-md-4 col-sm-12 col-xs-12\">\n\t\t<p><span class=\"wpcf7-form-control-wrap\" data-name=\"your-name\"><input size=\"40\" maxlength=\"400\" class=\"wpcf7-form-control wpcf7-text wpcf7-validates-as-required\" aria-required=\"true\" aria-invalid=\"false\" placeholder=\"Nome:\" value=\"\" type=\"text\" name=\"your-name\" \/><\/span>\n\t\t<\/p>\n\t<\/div>\n\t<div class=\"col-lg-4 col-md-4 col-sm-12 col-xs-12\">\n\t\t<p><span class=\"wpcf7-form-control-wrap\" data-name=\"your-email\"><input size=\"40\" maxlength=\"400\" class=\"wpcf7-form-control wpcf7-email wpcf7-validates-as-required wpcf7-text wpcf7-validates-as-email\" aria-required=\"true\" aria-invalid=\"false\" placeholder=\"E-mail:\" value=\"\" type=\"email\" name=\"your-email\" \/><\/span>\n\t\t<\/p>\n\t<\/div>\n\t<div class=\"col-lg-4 col-md-4 col-sm-12 col-xs-12\">\n\t\t<p><span class=\"wpcf7-form-control-wrap\" data-name=\"your-phone\"><input size=\"40\" maxlength=\"400\" class=\"wpcf7-form-control wpcf7-tel wpcf7-validates-as-required wpcf7-text wpcf7-validates-as-tel\" aria-required=\"true\" aria-invalid=\"false\" placeholder=\"Telefone:\" value=\"\" type=\"tel\" name=\"your-phone\" \/><\/span>\n\t\t<\/p>\n\t<\/div>\n<\/div>\n<div class=\"row\">\n\t<div class=\"col-lg-12 col-md-12 col-sm-12 col-xs-12\">\n\t\t<p><span class=\"wpcf7-form-control-wrap\" data-name=\"your-message\"><textarea cols=\"40\" rows=\"10\" maxlength=\"2000\" class=\"wpcf7-form-control wpcf7-textarea\" aria-invalid=\"false\" placeholder=\"Mensagem:\" name=\"your-message\"><\/textarea><\/span>\n\t\t<\/p>\n\t<\/div>\n\t<div class=\"submit-wrap\">\n\t\t<p><input class=\"wpcf7-form-control wpcf7-submit has-spinner\" type=\"submit\" value=\"Enviar\" \/><input type=\"reset\" value=\"Apagar\" \/>\n\t\t<\/p>\n\t<\/div>\n<\/div><div class=\"wpcf7-response-output\" aria-hidden=\"true\"><\/div>\n<input type=\"hidden\" name=\"trp-form-language\" value=\"pt\"\/><\/form>\n<\/div>\n\n<\/div>\n<\/div>\n<\/div><\/div><\/div>","protected":false},"excerpt":{"rendered":"","protected":false},"author":1,"featured_media":0,"parent":0,"menu_order":4,"comment_status":"open","ping_status":"closed","template":"","meta":{"_monsterinsights_skip_tracking":false,"_monsterinsights_sitenote_active":false,"_monsterinsights_sitenote_note":"","_monsterinsights_sitenote_category":0,"footnotes":""},"class_list":["post-47","page","type-page","status-publish","hentry"],"yoast_head":"<!-- This site is optimized with the Yoast SEO plugin v25.4 - https:\/\/yoast.com\/wordpress\/plugins\/seo\/ -->\n<title>Contacts - Trevomatic<\/title>\n<meta name=\"robots\" content=\"index, follow, max-snippet:-1, max-image-preview:large, max-video-preview:-1\" \/>\n<link rel=\"canonical\" href=\"https:\/\/trevomatic.com\/pt\/contacts\/\" \/>\n<meta property=\"og:locale\" content=\"pt_PT\" \/>\n<meta property=\"og:type\" content=\"article\" \/>\n<meta property=\"og:title\" content=\"Contacts - Trevomatic\" \/>\n<meta property=\"og:url\" content=\"https:\/\/trevomatic.com\/pt\/contacts\/\" \/>\n<meta property=\"og:site_name\" content=\"Trevomatic\" \/>\n<meta property=\"article:modified_time\" content=\"2022-12-01T11:15:04+00:00\" \/>\n<meta name=\"twitter:card\" content=\"summary_large_image\" \/>\n<meta name=\"twitter:label1\" content=\"Tempo estimado de leitura\" \/>\n\t<meta name=\"twitter:data1\" content=\"1 minuto\" \/>\n<script type=\"application\/ld+json\" class=\"yoast-schema-graph\">{\"@context\":\"https:\/\/schema.org\",\"@graph\":[{\"@type\":\"WebPage\",\"@id\":\"https:\/\/trevomatic.com\/contacts\/\",\"url\":\"https:\/\/trevomatic.com\/contacts\/\",\"name\":\"Contacts - Trevomatic\",\"isPartOf\":{\"@id\":\"https:\/\/trevomatic.com\/#website\"},\"datePublished\":\"2015-05-25T12:10:45+00:00\",\"dateModified\":\"2022-12-01T11:15:04+00:00\",\"breadcrumb\":{\"@id\":\"https:\/\/trevomatic.com\/contacts\/#breadcrumb\"},\"inLanguage\":\"pt-PT\",\"potentialAction\":[{\"@type\":\"ReadAction\",\"target\":[\"https:\/\/trevomatic.com\/contacts\/\"]}]},{\"@type\":\"BreadcrumbList\",\"@id\":\"https:\/\/trevomatic.com\/contacts\/#breadcrumb\",\"itemListElement\":[{\"@type\":\"ListItem\",\"position\":1,\"name\":\"Home\",\"item\":\"https:\/\/trevomatic.com\/\"},{\"@type\":\"ListItem\",\"position\":2,\"name\":\"Contacts\"}]},{\"@type\":\"WebSite\",\"@id\":\"https:\/\/trevomatic.com\/#website\",\"url\":\"https:\/\/trevomatic.com\/\",\"name\":\"Trevomatic\",\"description\":\"\",\"publisher\":{\"@id\":\"https:\/\/trevomatic.com\/#organization\"},\"potentialAction\":[{\"@type\":\"SearchAction\",\"target\":{\"@type\":\"EntryPoint\",\"urlTemplate\":\"https:\/\/trevomatic.com\/?s={search_term_string}\"},\"query-input\":{\"@type\":\"PropertyValueSpecification\",\"valueRequired\":true,\"valueName\":\"search_term_string\"}}],\"inLanguage\":\"pt-PT\"},{\"@type\":\"Organization\",\"@id\":\"https:\/\/trevomatic.com\/#organization\",\"name\":\"Trevomatic, Lda.\",\"url\":\"https:\/\/trevomatic.com\/\",\"logo\":{\"@type\":\"ImageObject\",\"inLanguage\":\"pt-PT\",\"@id\":\"https:\/\/trevomatic.com\/#\/schema\/logo\/image\/\",\"url\":\"https:\/\/trevomatic.com\/wp-content\/uploads\/2017\/01\/logo.png\",\"contentUrl\":\"https:\/\/trevomatic.com\/wp-content\/uploads\/2017\/01\/logo.png\",\"width\":319,\"height\":86,\"caption\":\"Trevomatic, Lda.\"},\"image\":{\"@id\":\"https:\/\/trevomatic.com\/#\/schema\/logo\/image\/\"}}]}<\/script>\n<!-- \/ Yoast SEO plugin. -->","yoast_head_json":{"title":"Contacts - Trevomatic","robots":{"index":"index","follow":"follow","max-snippet":"max-snippet:-1","max-image-preview":"max-image-preview:large","max-video-preview":"max-video-preview:-1"},"canonical":"https:\/\/trevomatic.com\/pt\/contacts\/","og_locale":"pt_PT","og_type":"article","og_title":"Contacts - Trevomatic","og_url":"https:\/\/trevomatic.com\/pt\/contacts\/","og_site_name":"Trevomatic","article_modified_time":"2022-12-01T11:15:04+00:00","twitter_card":"summary_large_image","twitter_misc":{"Tempo estimado de leitura":"1 minuto"},"schema":{"@context":"https:\/\/schema.org","@graph":[{"@type":"WebPage","@id":"https:\/\/trevomatic.com\/contacts\/","url":"https:\/\/trevomatic.com\/contacts\/","name":"Contacts - Trevomatic","isPartOf":{"@id":"https:\/\/trevomatic.com\/#website"},"datePublished":"2015-05-25T12:10:45+00:00","dateModified":"2022-12-01T11:15:04+00:00","breadcrumb":{"@id":"https:\/\/trevomatic.com\/contacts\/#breadcrumb"},"inLanguage":"pt-PT","potentialAction":[{"@type":"ReadAction","target":["https:\/\/trevomatic.com\/contacts\/"]}]},{"@type":"BreadcrumbList","@id":"https:\/\/trevomatic.com\/contacts\/#breadcrumb","itemListElement":[{"@type":"ListItem","position":1,"name":"Home","item":"https:\/\/trevomatic.com\/"},{"@type":"ListItem","position":2,"name":"Contacts"}]},{"@type":"WebSite","@id":"https:\/\/trevomatic.com\/#website","url":"https:\/\/trevomatic.com\/","name":"Trevomatic","description":"","publisher":{"@id":"https:\/\/trevomatic.com\/#organization"},"potentialAction":[{"@type":"SearchAction","target":{"@type":"EntryPoint","urlTemplate":"https:\/\/trevomatic.com\/?s={search_term_string}"},"query-input":{"@type":"PropertyValueSpecification","valueRequired":true,"valueName":"search_term_string"}}],"inLanguage":"pt-PT"},{"@type":"Organization","@id":"https:\/\/trevomatic.com\/#organization","name":"Trevomatic, Lda.","url":"https:\/\/trevomatic.com\/","logo":{"@type":"ImageObject","inLanguage":"pt-PT","@id":"https:\/\/trevomatic.com\/#\/schema\/logo\/image\/","url":"https:\/\/trevomatic.com\/wp-content\/uploads\/2017\/01\/logo.png","contentUrl":"https:\/\/trevomatic.com\/wp-content\/uploads\/2017\/01\/logo.png","width":319,"height":86,"caption":"Trevomatic, Lda."},"image":{"@id":"https:\/\/trevomatic.com\/#\/schema\/logo\/image\/"}}]}},"_links":{"self":[{"href":"https:\/\/trevomatic.com\/pt\/wp-json\/wp\/v2\/pages\/47","targetHints":{"allow":["GET"]}}],"collection":[{"href":"https:\/\/trevomatic.com\/pt\/wp-json\/wp\/v2\/pages"}],"about":[{"href":"https:\/\/trevomatic.com\/pt\/wp-json\/wp\/v2\/types\/page"}],"author":[{"embeddable":true,"href":"https:\/\/trevomatic.com\/pt\/wp-json\/wp\/v2\/users\/1"}],"replies":[{"embeddable":true,"href":"https:\/\/trevomatic.com\/pt\/wp-json\/wp\/v2\/comments?post=47"}],"version-history":[{"count":17,"href":"https:\/\/trevomatic.com\/pt\/wp-json\/wp\/v2\/pages\/47\/revisions"}],"predecessor-version":[{"id":519,"href":"https:\/\/trevomatic.com\/pt\/wp-json\/wp\/v2\/pages\/47\/revisions\/519"}],"wp:attachment":[{"href":"https:\/\/trevomatic.com\/pt\/wp-json\/wp\/v2\/media?parent=47"}],"curies":[{"name":"wp","href":"https:\/\/api.w.org\/{rel}","templated":true}]}}